
{"id":9195,"date":"2019-11-08T16:57:45","date_gmt":"2019-11-08T15:57:45","guid":{"rendered":"https:\/\/mycanvas.dk\/?post_type=product&#038;p=9195"},"modified":"2019-11-10T13:24:13","modified_gmt":"2019-11-10T12:24:13","slug":"sankt-petri-kirke","status":"publish","type":"product","link":"https:\/\/mycanvas.dk\/es\/producto\/sankt-petri-kirke\/","title":{"rendered":"Iglesia de San Pedro"},"content":{"rendered":"<p>La iglesia de Sankt Petri se encuentra en la esquina de N\u00f8rregade y Sankt Peders Str\u00e6de, en el centro del centro de Copenhague. La iglesia es una iglesia evang\u00e9lica luterana de lengua alemana y data del siglo XV. Fue una de las cuatro iglesias parroquiales cat\u00f3licas del siglo XVI y fue entregada por Federico II a una congregaci\u00f3n de habla alemana de la capital. Fue el punto de encuentro de la pol\u00edtica, la econom\u00eda, la cultura y los asuntos militares. En las capillas funerarias yacen personajes famosos como Ernst Henrich Berlig. Por su antig\u00fcedad tiene una visible expresi\u00f3n medieval.<\/p>\n<p>Se supone que la iglesia ya fue fundada en el siglo XIII, pero la primera iglesia se quem\u00f3 ya en 1386. Las partes m\u00e1s antiguas del edificio actual datan de mediados del siglo XV, incluida la nave, mientras que la La torre es de aprox. Siglo XVI. La Reforma cerr\u00f3 la parroquia y la iglesia pas\u00f3 a manos de la corona, por lo que fue utilizada como &quot;gjethus&quot; (fundici\u00f3n de campanas y ca\u00f1ones) del rey. En 1585, la iglesia pas\u00f3 a manos de la comunidad alemana de la ciudad. As\u00ed se complet\u00f3 la torre en el siglo XVII. Fue ampliado a\u00fan m\u00e1s por Cristi\u00e1n IV, quien cre\u00f3 una nave norte, donde hoy se encuentra el \u00f3rgano, y una nave sur, donde hoy se encuentra la entrada principal, en la d\u00e9cada de 1630. 60 a\u00f1os despu\u00e9s se construy\u00f3 otra nave lateral para la iglesia.<\/p>\n<p>En 1728 durante el incendio de Copenhague, la iglesia volvi\u00f3 a arder y gran parte del interior qued\u00f3 destruido y s\u00f3lo quedaron los muros. En 1731, Diderik Gercken instal\u00f3 un portal barroco alrededor de la entrada principal y la iglesia volvi\u00f3 a dedicarse. La torre fue reemplazada por la actual aguja rococ\u00f3 en la d\u00e9cada de 1750 por Boye Junge y tambi\u00e9n sobrevivi\u00f3 al bombardeo de Copenhague en 1807. Fue renovada a finales del siglo XIX por un arquitecto llamado HC Stilling, donde se le dio un estilo m\u00e1s neog\u00f3tico. Adem\u00e1s, la iglesia recibi\u00f3 catorce paneles de mosaico de vidrio en las ventanas de Otto Linnemann para darle a la habitaci\u00f3n una sensaci\u00f3n de oscuridad.<\/p>","protected":false},"excerpt":{"rendered":"<p>La iglesia de Sankt Petri se encuentra en la esquina de N\u00f8rregade y Sankt Peders Str\u00e6de, en el centro del centro de Copenhague. La iglesia es una iglesia evang\u00e9lica luterana de lengua alemana y data del siglo XV. Fue una de las cuatro iglesias parroquiales cat\u00f3licas del siglo XVI y fue entregada por Federico II a una congregaci\u00f3n de habla alemana de la capital.<\/p>\n<p>Compra este cartel hist\u00f3rico y elige entre varios \u00e1ngulos de la iglesia del siglo XX.<\/p>","protected":false},"featured_media":9200,"comment_status":"closed","ping_status":"closed","template":"","meta":{"_mi_skip_tracking":false},"product_cat":[248,73],"product_tag":[],"class_list":{"0":"post-9195","1":"product","2":"type-product","3":"status-publish","4":"has-post-thumbnail","6":"product_cat-danske-kirker","7":"product_cat-plakater","8":"pa_storrelse-a4-21x30cm","9":"pa_storrelse-a3-30x42cm","10":"pa_storrelse-b2-50x70cm","11":"pa_storrelse-b1-70x100cm","13":"first","14":"instock","15":"taxable","16":"shipping-taxable","17":"purchasable","18":"product-type-variable"},"yoast_head":"<!-- This site is optimized with the Yoast SEO plugin v24.2 - https:\/\/yoast.com\/wordpress\/plugins\/seo\/ -->\n<title>Sankt petri kirke Plakater | Spar 10% p\u00e5 et samles\u00e6t - My Canvas<\/title>\n<meta name=\"description\" content=\"K\u00f8b Sankt petri kirke Plakater. DEN BEDSTE KVALITET Til den bedste pris - Historiske danske plakater\" \/>\n<meta name=\"robots\" content=\"index, follow, max-snippet:-1, max-image-preview:large, max-video-preview:-1\" \/>\n<link rel=\"canonical\" href=\"https:\/\/mycanvas.dk\/es\/producto\/sankt-petri-kirke\/\" \/>\n<meta property=\"og:locale\" content=\"es_ES\" \/>\n<meta property=\"og:type\" content=\"article\" \/>\n<meta property=\"og:title\" content=\"Sankt petri kirke Plakater | Spar 10% p\u00e5 et samles\u00e6t - My Canvas\" \/>\n<meta property=\"og:description\" content=\"K\u00f8b Sankt petri kirke Plakater. DEN BEDSTE KVALITET Til den bedste pris - Historiske danske plakater\" \/>\n<meta property=\"og:url\" content=\"https:\/\/mycanvas.dk\/es\/producto\/sankt-petri-kirke\/\" \/>\n<meta property=\"og:site_name\" content=\"My Canvas\" \/>\n<meta property=\"article:publisher\" content=\"https:\/\/www.facebook.com\/MyCanvasDanmark\" \/>\n<meta property=\"article:modified_time\" content=\"2019-11-10T12:24:13+00:00\" \/>\n<meta property=\"og:image\" content=\"https:\/\/mycanvas.dk\/wp-content\/uploads\/2019\/11\/sankt-petri-2-ege.jpg\" \/>\n\t<meta property=\"og:image:width\" content=\"2480\" \/>\n\t<meta property=\"og:image:height\" content=\"3508\" \/>\n\t<meta property=\"og:image:type\" content=\"image\/jpeg\" \/>\n<meta name=\"twitter:card\" content=\"summary_large_image\" \/>\n<meta name=\"twitter:label1\" content=\"Tiempo de lectura\" \/>\n\t<meta name=\"twitter:data1\" content=\"2 minutos\" \/>\n<script type=\"application\/ld+json\" class=\"yoast-schema-graph\">{\"@context\":\"https:\/\/schema.org\",\"@graph\":[{\"@type\":\"WebPage\",\"@id\":\"https:\/\/mycanvas.dk\/vare\/sankt-petri-kirke\/\",\"url\":\"https:\/\/mycanvas.dk\/vare\/sankt-petri-kirke\/\",\"name\":\"Sankt petri kirke Plakater | Spar 10% p\u00e5 et samles\u00e6t - My Canvas\",\"isPartOf\":{\"@id\":\"https:\/\/mycanvas.dk\/#website\"},\"primaryImageOfPage\":{\"@id\":\"https:\/\/mycanvas.dk\/vare\/sankt-petri-kirke\/#primaryimage\"},\"image\":{\"@id\":\"https:\/\/mycanvas.dk\/vare\/sankt-petri-kirke\/#primaryimage\"},\"thumbnailUrl\":\"https:\/\/mycanvas.dk\/wp-content\/uploads\/2019\/11\/sankt-petri-2-ege.jpg\",\"datePublished\":\"2019-11-08T15:57:45+00:00\",\"dateModified\":\"2019-11-10T12:24:13+00:00\",\"description\":\"K\u00f8b Sankt petri kirke Plakater. DEN BEDSTE KVALITET Til den bedste pris - Historiske danske plakater\",\"breadcrumb\":{\"@id\":\"https:\/\/mycanvas.dk\/vare\/sankt-petri-kirke\/#breadcrumb\"},\"inLanguage\":\"es\",\"potentialAction\":[{\"@type\":\"ReadAction\",\"target\":[\"https:\/\/mycanvas.dk\/vare\/sankt-petri-kirke\/\"]}]},{\"@type\":\"ImageObject\",\"inLanguage\":\"es\",\"@id\":\"https:\/\/mycanvas.dk\/vare\/sankt-petri-kirke\/#primaryimage\",\"url\":\"https:\/\/mycanvas.dk\/wp-content\/uploads\/2019\/11\/sankt-petri-2-ege.jpg\",\"contentUrl\":\"https:\/\/mycanvas.dk\/wp-content\/uploads\/2019\/11\/sankt-petri-2-ege.jpg\",\"width\":2480,\"height\":3508},{\"@type\":\"BreadcrumbList\",\"@id\":\"https:\/\/mycanvas.dk\/vare\/sankt-petri-kirke\/#breadcrumb\",\"itemListElement\":[{\"@type\":\"ListItem\",\"position\":1,\"name\":\"Hjem\",\"item\":\"https:\/\/mycanvas.dk\/\"},{\"@type\":\"ListItem\",\"position\":2,\"name\":\"Shop\",\"item\":\"https:\/\/mycanvas.dk\/shop\/\"},{\"@type\":\"ListItem\",\"position\":3,\"name\":\"Sankt petri kirke\"}]},{\"@type\":\"WebSite\",\"@id\":\"https:\/\/mycanvas.dk\/#website\",\"url\":\"https:\/\/mycanvas.dk\/\",\"name\":\"My Canvas\",\"description\":\"Vi g\u00f8r danmarks historie til kunst\",\"publisher\":{\"@id\":\"https:\/\/mycanvas.dk\/#organization\"},\"potentialAction\":[{\"@type\":\"SearchAction\",\"target\":{\"@type\":\"EntryPoint\",\"urlTemplate\":\"https:\/\/mycanvas.dk\/?s={search_term_string}\"},\"query-input\":{\"@type\":\"PropertyValueSpecification\",\"valueRequired\":true,\"valueName\":\"search_term_string\"}}],\"inLanguage\":\"es\"},{\"@type\":\"Organization\",\"@id\":\"https:\/\/mycanvas.dk\/#organization\",\"name\":\"My Canvas\",\"url\":\"https:\/\/mycanvas.dk\/\",\"logo\":{\"@type\":\"ImageObject\",\"inLanguage\":\"es\",\"@id\":\"https:\/\/mycanvas.dk\/#\/schema\/logo\/image\/\",\"url\":\"https:\/\/mycanvas.dk\/wp-content\/uploads\/2018\/09\/MyCanvas-Logo-Nyeste.png\",\"contentUrl\":\"https:\/\/mycanvas.dk\/wp-content\/uploads\/2018\/09\/MyCanvas-Logo-Nyeste.png\",\"width\":1916,\"height\":736,\"caption\":\"My Canvas\"},\"image\":{\"@id\":\"https:\/\/mycanvas.dk\/#\/schema\/logo\/image\/\"},\"sameAs\":[\"https:\/\/www.facebook.com\/MyCanvasDanmark\",\"https:\/\/www.instagram.com\/mycanvasdk\/\"]}]}<\/script>\n<!-- \/ Yoast SEO plugin. -->","yoast_head_json":{"title":"Sankt petri kirke Plakater | Spar 10% p\u00e5 et samles\u00e6t - My Canvas","description":"K\u00f8b Sankt petri kirke Plakater. DEN BEDSTE KVALITET Til den bedste pris - Historiske danske plakater","robots":{"index":"index","follow":"follow","max-snippet":"max-snippet:-1","max-image-preview":"max-image-preview:large","max-video-preview":"max-video-preview:-1"},"canonical":"https:\/\/mycanvas.dk\/es\/producto\/sankt-petri-kirke\/","og_locale":"es_ES","og_type":"article","og_title":"Sankt petri kirke Plakater | Spar 10% p\u00e5 et samles\u00e6t - My Canvas","og_description":"K\u00f8b Sankt petri kirke Plakater. DEN BEDSTE KVALITET Til den bedste pris - Historiske danske plakater","og_url":"https:\/\/mycanvas.dk\/es\/producto\/sankt-petri-kirke\/","og_site_name":"My Canvas","article_publisher":"https:\/\/www.facebook.com\/MyCanvasDanmark","article_modified_time":"2019-11-10T12:24:13+00:00","og_image":[{"width":2480,"height":3508,"url":"https:\/\/mycanvas.dk\/wp-content\/uploads\/2019\/11\/sankt-petri-2-ege.jpg","type":"image\/jpeg"}],"twitter_card":"summary_large_image","twitter_misc":{"Tiempo de lectura":"2 minutos"},"schema":{"@context":"https:\/\/schema.org","@graph":[{"@type":"WebPage","@id":"https:\/\/mycanvas.dk\/vare\/sankt-petri-kirke\/","url":"https:\/\/mycanvas.dk\/vare\/sankt-petri-kirke\/","name":"Sankt petri kirke Plakater | Spar 10% p\u00e5 et samles\u00e6t - My Canvas","isPartOf":{"@id":"https:\/\/mycanvas.dk\/#website"},"primaryImageOfPage":{"@id":"https:\/\/mycanvas.dk\/vare\/sankt-petri-kirke\/#primaryimage"},"image":{"@id":"https:\/\/mycanvas.dk\/vare\/sankt-petri-kirke\/#primaryimage"},"thumbnailUrl":"https:\/\/mycanvas.dk\/wp-content\/uploads\/2019\/11\/sankt-petri-2-ege.jpg","datePublished":"2019-11-08T15:57:45+00:00","dateModified":"2019-11-10T12:24:13+00:00","description":"K\u00f8b Sankt petri kirke Plakater. DEN BEDSTE KVALITET Til den bedste pris - Historiske danske plakater","breadcrumb":{"@id":"https:\/\/mycanvas.dk\/vare\/sankt-petri-kirke\/#breadcrumb"},"inLanguage":"es","potentialAction":[{"@type":"ReadAction","target":["https:\/\/mycanvas.dk\/vare\/sankt-petri-kirke\/"]}]},{"@type":"ImageObject","inLanguage":"es","@id":"https:\/\/mycanvas.dk\/vare\/sankt-petri-kirke\/#primaryimage","url":"https:\/\/mycanvas.dk\/wp-content\/uploads\/2019\/11\/sankt-petri-2-ege.jpg","contentUrl":"https:\/\/mycanvas.dk\/wp-content\/uploads\/2019\/11\/sankt-petri-2-ege.jpg","width":2480,"height":3508},{"@type":"BreadcrumbList","@id":"https:\/\/mycanvas.dk\/vare\/sankt-petri-kirke\/#breadcrumb","itemListElement":[{"@type":"ListItem","position":1,"name":"Hjem","item":"https:\/\/mycanvas.dk\/"},{"@type":"ListItem","position":2,"name":"Shop","item":"https:\/\/mycanvas.dk\/shop\/"},{"@type":"ListItem","position":3,"name":"Sankt petri kirke"}]},{"@type":"WebSite","@id":"https:\/\/mycanvas.dk\/#website","url":"https:\/\/mycanvas.dk\/","name":"My Canvas","description":"Vi g\u00f8r danmarks historie til kunst","publisher":{"@id":"https:\/\/mycanvas.dk\/#organization"},"potentialAction":[{"@type":"SearchAction","target":{"@type":"EntryPoint","urlTemplate":"https:\/\/mycanvas.dk\/?s={search_term_string}"},"query-input":{"@type":"PropertyValueSpecification","valueRequired":true,"valueName":"search_term_string"}}],"inLanguage":"es"},{"@type":"Organization","@id":"https:\/\/mycanvas.dk\/#organization","name":"My Canvas","url":"https:\/\/mycanvas.dk\/","logo":{"@type":"ImageObject","inLanguage":"es","@id":"https:\/\/mycanvas.dk\/#\/schema\/logo\/image\/","url":"https:\/\/mycanvas.dk\/wp-content\/uploads\/2018\/09\/MyCanvas-Logo-Nyeste.png","contentUrl":"https:\/\/mycanvas.dk\/wp-content\/uploads\/2018\/09\/MyCanvas-Logo-Nyeste.png","width":1916,"height":736,"caption":"My Canvas"},"image":{"@id":"https:\/\/mycanvas.dk\/#\/schema\/logo\/image\/"},"sameAs":["https:\/\/www.facebook.com\/MyCanvasDanmark","https:\/\/www.instagram.com\/mycanvasdk\/"]}]}},"_links":{"self":[{"href":"https:\/\/mycanvas.dk\/es\/wp-json\/wp\/v2\/product\/9195","targetHints":{"allow":["GET"]}}],"collection":[{"href":"https:\/\/mycanvas.dk\/es\/wp-json\/wp\/v2\/product"}],"about":[{"href":"https:\/\/mycanvas.dk\/es\/wp-json\/wp\/v2\/types\/product"}],"replies":[{"embeddable":true,"href":"https:\/\/mycanvas.dk\/es\/wp-json\/wp\/v2\/comments?post=9195"}],"wp:featuredmedia":[{"embeddable":true,"href":"https:\/\/mycanvas.dk\/es\/wp-json\/wp\/v2\/media\/9200"}],"wp:attachment":[{"href":"https:\/\/mycanvas.dk\/es\/wp-json\/wp\/v2\/media?parent=9195"}],"wp:term":[{"taxonomy":"product_cat","embeddable":true,"href":"https:\/\/mycanvas.dk\/es\/wp-json\/wp\/v2\/product_cat?post=9195"},{"taxonomy":"product_tag","embeddable":true,"href":"https:\/\/mycanvas.dk\/es\/wp-json\/wp\/v2\/product_tag?post=9195"}],"curies":[{"name":"wp","href":"https:\/\/api.w.org\/{rel}","templated":true}]}}